{"id":581,"date":"2025-06-13T23:00:17","date_gmt":"2025-06-13T23:00:17","guid":{"rendered":"https:\/\/authormaximocastellanos.com\/about"},"modified":"2025-11-11T12:36:17","modified_gmt":"2025-11-11T12:36:17","slug":"about","status":"publish","type":"page","link":"https:\/\/authormaximocastellanos.com\/es\/about\/","title":{"rendered":"Acerca de"},"content":{"rendered":"<div data-elementor-type=\"wp-page\" data-elementor-id=\"581\" class=\"elementor elementor-581\">\n\t\t\t\t<div class=\"elementor-element elementor-element-4684df0 e-flex e-con-boxed e-con e-parent\" data-id=\"4684df0\" data-element_type=\"container\" data-e-type=\"container\" data-settings=\"{&quot;background_background&quot;:&quot;classic&quot;}\">\n\t\t\t\t\t<div class=\"e-con-inner\">\n\t\t<div class=\"elementor-element elementor-element-31bbd07 e-con-full e-flex e-con e-child\" data-id=\"31bbd07\" data-element_type=\"container\" data-e-type=\"container\">\n\t\t\t\t<div class=\"elementor-element elementor-element-22d410a elementor-widget elementor-widget-heading\" data-id=\"22d410a\" data-element_type=\"widget\" data-e-type=\"widget\" data-widget_type=\"heading.default\">\n\t\t\t\t<div class=\"elementor-widget-container\">\n\t\t\t\t\t<h1 class=\"elementor-heading-title elementor-size-default\">Acerca del Autor<\/h1>\t\t\t\t<\/div>\n\t\t\t\t<\/div>\n\t\t\t\t<div class=\"elementor-element elementor-element-9e8f30b elementor-widget elementor-widget-text-editor\" data-id=\"9e8f30b\" data-element_type=\"widget\" data-e-type=\"widget\" data-widget_type=\"text-editor.default\">\n\t\t\t\t<div class=\"elementor-widget-container\">\n\t\t\t\t\t\t\t\t\t<p>M\u00e1ximo C\u00e9sar Castellanos es un <span class=\"OYPEnA font-feature-liga-off font-feature-clig-off font-feature-calt-off text-decoration-none text-strikethrough-none\">autor biling\u00fce de 17 a\u00f1os que ha escrito e ilustrado 24 libros en espa\u00f1ol e ingl\u00e9s.<\/span><\/p>\t\t\t\t\t\t\t\t<\/div>\n\t\t\t\t<\/div>\n\t\t\t\t<\/div>\n\t\t\t\t\t<\/div>\n\t\t\t\t<\/div>\n\t\t<div class=\"elementor-element elementor-element-a44c6e5 e-flex e-con-boxed e-con e-parent\" data-id=\"a44c6e5\" data-element_type=\"container\" data-e-type=\"container\" data-settings=\"{&quot;background_background&quot;:&quot;classic&quot;}\">\n\t\t\t\t\t<div class=\"e-con-inner\">\n\t\t<div class=\"elementor-element elementor-element-43207a3 e-con-full e-flex e-con e-child\" data-id=\"43207a3\" data-element_type=\"container\" data-e-type=\"container\">\n\t\t\t\t<div class=\"elementor-element elementor-element-9f4c1ab elementor-widget elementor-widget-image\" data-id=\"9f4c1ab\" data-element_type=\"widget\" data-e-type=\"widget\" data-widget_type=\"image.default\">\n\t\t\t\t<div class=\"elementor-widget-container\">\n\t\t\t\t\t\t\t\t\t\t\t\t\t\t\t<img fetchpriority=\"high\" decoding=\"async\" width=\"423\" height=\"328\" src=\"https:\/\/authormaximocastellanos.com\/wp-content\/uploads\/2025\/06\/Picture1-e1750720700463.png\" class=\"attachment-large size-large wp-image-1062\" alt=\"\" srcset=\"https:\/\/authormaximocastellanos.com\/wp-content\/uploads\/2025\/06\/Picture1-e1750720700463.png 423w, https:\/\/authormaximocastellanos.com\/wp-content\/uploads\/2025\/06\/Picture1-e1750720700463-300x233.png 300w\" sizes=\"(max-width: 423px) 100vw, 423px\" \/>\t\t\t\t\t\t\t\t\t\t\t\t\t\t\t<\/div>\n\t\t\t\t<\/div>\n\t\t\t\t<\/div>\n\t\t\t\t<div class=\"elementor-element elementor-element-34f33c3 elementor-widget elementor-widget-text-editor\" data-id=\"34f33c3\" data-element_type=\"widget\" data-e-type=\"widget\" data-widget_type=\"text-editor.default\">\n\t\t\t\t<div class=\"elementor-widget-container\">\n\t\t\t\t\t\t\t\t\t<p><span style=\"font-style: inherit; font-weight: inherit; letter-spacing: 0px;\">Desde temprana edad, M\u00e1ximo demostr\u00f3 la capacidad y el talento para crear historias. A la edad de 3 a\u00f1os, M\u00e1ximo empez\u00f3 a crear historias a trav\u00e9s de dibujos. Sus primeras visitas a la biblioteca con sus padres y su hermano encendieron su pasi\u00f3n por la lectura y le hicieron preguntarse si alg\u00fan d\u00eda podr\u00eda publicar un libro igual a los que estaba leyendo.<\/span><\/p>\t\t\t\t\t\t\t\t<\/div>\n\t\t\t\t<\/div>\n\t\t\t\t\t<\/div>\n\t\t\t\t<\/div>\n\t\t<div class=\"elementor-element elementor-element-7dddc16 e-flex e-con-boxed e-con e-parent\" data-id=\"7dddc16\" data-element_type=\"container\" data-e-type=\"container\" data-settings=\"{&quot;background_background&quot;:&quot;classic&quot;}\">\n\t\t\t\t\t<div class=\"e-con-inner\">\n\t\t<div class=\"elementor-element elementor-element-c077329 e-con-full e-flex e-con e-child\" data-id=\"c077329\" data-element_type=\"container\" data-e-type=\"container\">\n\t\t\t\t<div class=\"elementor-element elementor-element-0d0eacd elementor-widget elementor-widget-text-editor\" data-id=\"0d0eacd\" data-element_type=\"widget\" data-e-type=\"widget\" data-widget_type=\"text-editor.default\">\n\t\t\t\t<div class=\"elementor-widget-container\">\n\t\t\t\t\t\t\t\t\t<p><span style=\"font-style: inherit; font-weight: inherit; letter-spacing: 0px;\">A los seis a\u00f1os, escribi\u00f3 una historia llamada Peter. La historia cuenta sobre un ni\u00f1o que escapa de un orfanato, se hace amigo de un extraterrestre y los dos tienen muchas aventuras juntos. M\u00e1ximo ten\u00eda 7 a\u00f1os cuando public\u00f3 su primer libro, Peter.<\/span><\/p>\t\t\t\t\t\t\t\t<\/div>\n\t\t\t\t<\/div>\n\t\t\t\t<\/div>\n\t\t<div class=\"elementor-element elementor-element-a5953e3 e-con-full e-flex e-con e-child\" data-id=\"a5953e3\" data-element_type=\"container\" data-e-type=\"container\">\n\t\t\t\t<div class=\"elementor-element elementor-element-6ed4c4a elementor-widget elementor-widget-image\" data-id=\"6ed4c4a\" data-element_type=\"widget\" data-e-type=\"widget\" data-widget_type=\"image.default\">\n\t\t\t\t<div class=\"elementor-widget-container\">\n\t\t\t\t\t\t\t\t\t\t\t\t\t\t\t<img decoding=\"async\" width=\"1024\" height=\"683\" src=\"https:\/\/authormaximocastellanos.com\/wp-content\/uploads\/2025\/06\/IMG_3547-1024x683.jpg\" class=\"attachment-large size-large wp-image-1063\" alt=\"\" srcset=\"https:\/\/authormaximocastellanos.com\/wp-content\/uploads\/2025\/06\/IMG_3547-1024x683.jpg 1024w, https:\/\/authormaximocastellanos.com\/wp-content\/uploads\/2025\/06\/IMG_3547-300x200.jpg 300w, https:\/\/authormaximocastellanos.com\/wp-content\/uploads\/2025\/06\/IMG_3547-768x512.jpg 768w, https:\/\/authormaximocastellanos.com\/wp-content\/uploads\/2025\/06\/IMG_3547-1536x1024.jpg 1536w, https:\/\/authormaximocastellanos.com\/wp-content\/uploads\/2025\/06\/IMG_3547-2048x1365.jpg 2048w\" sizes=\"(max-width: 1024px) 100vw, 1024px\" \/>\t\t\t\t\t\t\t\t\t\t\t\t\t\t\t<\/div>\n\t\t\t\t<\/div>\n\t\t\t\t<\/div>\n\t\t\t\t\t<\/div>\n\t\t\t\t<\/div>\n\t\t<div class=\"elementor-element elementor-element-ffae4fb e-flex e-con-boxed e-con e-parent\" data-id=\"ffae4fb\" data-element_type=\"container\" data-e-type=\"container\" data-settings=\"{&quot;background_background&quot;:&quot;classic&quot;}\">\n\t\t\t\t\t<div class=\"e-con-inner\">\n\t\t<div class=\"elementor-element elementor-element-872f2c2 e-con-full e-flex e-con e-child\" data-id=\"872f2c2\" data-element_type=\"container\" data-e-type=\"container\">\n\t\t\t\t<div class=\"elementor-element elementor-element-39245a5 elementor-widget elementor-widget-image\" data-id=\"39245a5\" data-element_type=\"widget\" data-e-type=\"widget\" data-widget_type=\"image.default\">\n\t\t\t\t<div class=\"elementor-widget-container\">\n\t\t\t\t\t\t\t\t\t\t\t\t\t\t\t<img decoding=\"async\" width=\"864\" height=\"1024\" src=\"https:\/\/authormaximocastellanos.com\/wp-content\/uploads\/2025\/06\/2021_IMG_8229-scaled-e1750430442511-864x1024.jpg\" class=\"attachment-large size-large wp-image-1013\" alt=\"\" srcset=\"https:\/\/authormaximocastellanos.com\/wp-content\/uploads\/2025\/06\/2021_IMG_8229-scaled-e1750430442511-864x1024.jpg 864w, https:\/\/authormaximocastellanos.com\/wp-content\/uploads\/2025\/06\/2021_IMG_8229-scaled-e1750430442511-253x300.jpg 253w, https:\/\/authormaximocastellanos.com\/wp-content\/uploads\/2025\/06\/2021_IMG_8229-scaled-e1750430442511-768x910.jpg 768w, https:\/\/authormaximocastellanos.com\/wp-content\/uploads\/2025\/06\/2021_IMG_8229-scaled-e1750430442511-1297x1536.jpg 1297w, https:\/\/authormaximocastellanos.com\/wp-content\/uploads\/2025\/06\/2021_IMG_8229-scaled-e1750430442511.jpg 1707w\" sizes=\"(max-width: 864px) 100vw, 864px\" \/>\t\t\t\t\t\t\t\t\t\t\t\t\t\t\t<\/div>\n\t\t\t\t<\/div>\n\t\t\t\t<\/div>\n\t\t\t\t<div class=\"elementor-element elementor-element-52909ad elementor-widget elementor-widget-text-editor\" data-id=\"52909ad\" data-element_type=\"widget\" data-e-type=\"widget\" data-widget_type=\"text-editor.default\">\n\t\t\t\t<div class=\"elementor-widget-container\">\n\t\t\t\t\t\t\t\t\t<p><span style=\"font-style: inherit; font-weight: inherit; letter-spacing: 0px;\">Con 13 a\u00f1os de edad, M\u00e1ximo fue el autor m\u00e1s joven y el primer autor del estado de Delaware en recibir una medalla de oro de los International Latino Book Awards en 2021. Desde entonces, M\u00e1ximo ha sido galardonado con 3 medallas de oro m\u00e1s, 2 medallas de plata y 2 menciones honorificas por los\u00a0<\/span><span style=\"font-style: inherit; font-weight: inherit; letter-spacing: 0px;\">International Latino Book Awards.<\/span><\/p>\t\t\t\t\t\t\t\t<\/div>\n\t\t\t\t<\/div>\n\t\t\t\t\t<\/div>\n\t\t\t\t<\/div>\n\t\t<div class=\"elementor-element elementor-element-6e7b39f e-flex e-con-boxed e-con e-parent\" data-id=\"6e7b39f\" data-element_type=\"container\" data-e-type=\"container\" data-settings=\"{&quot;background_background&quot;:&quot;classic&quot;}\">\n\t\t\t\t\t<div class=\"e-con-inner\">\n\t\t\t\t<div class=\"elementor-element elementor-element-d3ddc73 elementor-widget__width-initial elementor-widget-mobile__width-initial elementor-widget elementor-widget-text-editor\" data-id=\"d3ddc73\" data-element_type=\"widget\" data-e-type=\"widget\" data-widget_type=\"text-editor.default\">\n\t\t\t\t<div class=\"elementor-widget-container\">\n\t\t\t\t\t\t\t\t\t<p><span style=\"font-style: inherit; font-weight: inherit; letter-spacing: 0px;\">Con frecuencia, M\u00e1ximo es invitado a las escuelas para hablar con los estudiantes sobre su proceso de escritura y experiencia como autor. M\u00e1ximo espera inspirar a los estudiantes a convertirse en lectores y escritores, a seguir su ejemplo y a perseguir sus pasiones.<\/span><\/p>\t\t\t\t\t\t\t\t<\/div>\n\t\t\t\t<\/div>\n\t\t<div class=\"elementor-element elementor-element-bd6b180 e-con-full e-flex e-con e-child\" data-id=\"bd6b180\" data-element_type=\"container\" data-e-type=\"container\">\n\t\t\t\t<div class=\"elementor-element elementor-element-124a3ce elementor-widget__width-initial elementor-widget-mobile__width-initial elementor-widget elementor-widget-image\" data-id=\"124a3ce\" data-element_type=\"widget\" data-e-type=\"widget\" data-widget_type=\"image.default\">\n\t\t\t\t<div class=\"elementor-widget-container\">\n\t\t\t\t\t\t\t\t\t\t\t\t\t\t\t<img loading=\"lazy\" decoding=\"async\" width=\"1024\" height=\"756\" src=\"https:\/\/authormaximocastellanos.com\/wp-content\/uploads\/2025\/06\/IMG_0818-scaled-e1750721285679-1024x756.jpg\" class=\"attachment-large size-large wp-image-1080\" alt=\"\" srcset=\"https:\/\/authormaximocastellanos.com\/wp-content\/uploads\/2025\/06\/IMG_0818-scaled-e1750721285679-1024x756.jpg 1024w, https:\/\/authormaximocastellanos.com\/wp-content\/uploads\/2025\/06\/IMG_0818-scaled-e1750721285679-300x221.jpg 300w, https:\/\/authormaximocastellanos.com\/wp-content\/uploads\/2025\/06\/IMG_0818-scaled-e1750721285679-768x567.jpg 768w, https:\/\/authormaximocastellanos.com\/wp-content\/uploads\/2025\/06\/IMG_0818-scaled-e1750721285679-1536x1134.jpg 1536w, https:\/\/authormaximocastellanos.com\/wp-content\/uploads\/2025\/06\/IMG_0818-scaled-e1750721285679-2048x1511.jpg 2048w\" sizes=\"(max-width: 1024px) 100vw, 1024px\" \/>\t\t\t\t\t\t\t\t\t\t\t\t\t\t\t<\/div>\n\t\t\t\t<\/div>\n\t\t\t\t<\/div>\n\t\t\t\t\t<\/div>\n\t\t\t\t<\/div>\n\t\t<div class=\"elementor-element elementor-element-8a8c2b4 e-flex e-con-boxed e-con e-parent\" data-id=\"8a8c2b4\" data-element_type=\"container\" data-e-type=\"container\" data-settings=\"{&quot;background_background&quot;:&quot;classic&quot;}\">\n\t\t\t\t\t<div class=\"e-con-inner\">\n\t\t\t\t<div class=\"elementor-element elementor-element-f5cea6f elementor-widget elementor-widget-image\" data-id=\"f5cea6f\" data-element_type=\"widget\" data-e-type=\"widget\" data-widget_type=\"image.default\">\n\t\t\t\t<div class=\"elementor-widget-container\">\n\t\t\t\t\t\t\t\t\t\t\t\t\t\t\t<img loading=\"lazy\" decoding=\"async\" width=\"899\" height=\"1024\" src=\"https:\/\/authormaximocastellanos.com\/wp-content\/uploads\/2025\/06\/IMG_6848-scaled-e1750720418944-899x1024.jpeg\" class=\"attachment-large size-large wp-image-1108\" alt=\"\" srcset=\"https:\/\/authormaximocastellanos.com\/wp-content\/uploads\/2025\/06\/IMG_6848-scaled-e1750720418944-899x1024.jpeg 899w, https:\/\/authormaximocastellanos.com\/wp-content\/uploads\/2025\/06\/IMG_6848-scaled-e1750720418944-263x300.jpeg 263w, https:\/\/authormaximocastellanos.com\/wp-content\/uploads\/2025\/06\/IMG_6848-scaled-e1750720418944-768x875.jpeg 768w, https:\/\/authormaximocastellanos.com\/wp-content\/uploads\/2025\/06\/IMG_6848-scaled-e1750720418944.jpeg 1225w\" sizes=\"(max-width: 899px) 100vw, 899px\" \/>\t\t\t\t\t\t\t\t\t\t\t\t\t\t\t<\/div>\n\t\t\t\t<\/div>\n\t\t\t\t<div class=\"elementor-element elementor-element-b394b2c elementor-widget elementor-widget-text-editor\" data-id=\"b394b2c\" data-element_type=\"widget\" data-e-type=\"widget\" data-widget_type=\"text-editor.default\">\n\t\t\t\t<div class=\"elementor-widget-container\">\n\t\t\t\t\t\t\t\t\t<p><span style=\"font-style: inherit; font-weight: inherit; letter-spacing: 0px;\">M\u00e1ximo es invitado frecuentemente a participar en eventos de autores y ferias de libros, donde le encanta interactuar con los participantes y hablar con ellos sobre sus libros y sus intereses comunes.<\/span><\/p>\t\t\t\t\t\t\t\t<\/div>\n\t\t\t\t<\/div>\n\t\t\t\t\t<\/div>\n\t\t\t\t<\/div>\n\t\t<div class=\"elementor-element elementor-element-7a3bdd7 e-flex e-con-boxed e-con e-parent\" data-id=\"7a3bdd7\" data-element_type=\"container\" data-e-type=\"container\" data-settings=\"{&quot;background_background&quot;:&quot;classic&quot;}\">\n\t\t\t\t\t<div class=\"e-con-inner\">\n\t\t<div class=\"elementor-element elementor-element-353c16d e-con-full e-flex e-con e-child\" data-id=\"353c16d\" data-element_type=\"container\" data-e-type=\"container\">\n\t\t\t\t<div class=\"elementor-element elementor-element-13ac5de elementor-widget elementor-widget-text-editor\" data-id=\"13ac5de\" data-element_type=\"widget\" data-e-type=\"widget\" data-widget_type=\"text-editor.default\">\n\t\t\t\t<div class=\"elementor-widget-container\">\n\t\t\t\t\t\t\t\t\t<p><span style=\"font-style: inherit; font-weight: inherit; letter-spacing: 0px;\">M<\/span><span style=\"font-style: inherit; font-weight: inherit; letter-spacing: 0px;\">\u00e1ximo planea seguir publicando libros para poder&nbsp;<\/span><span style=\"font-style: inherit; font-weight: inherit; letter-spacing: 0px;\">compartir sus historias.<\/span><\/p>\t\t\t\t\t\t\t\t<\/div>\n\t\t\t\t<\/div>\n\t\t\t\t<\/div>\n\t\t<div class=\"elementor-element elementor-element-0201b25 e-con-full e-flex e-con e-child\" data-id=\"0201b25\" data-element_type=\"container\" data-e-type=\"container\">\n\t\t\t\t<div class=\"elementor-element elementor-element-3c0ed22 elementor-widget elementor-widget-image\" data-id=\"3c0ed22\" data-element_type=\"widget\" data-e-type=\"widget\" data-widget_type=\"image.default\">\n\t\t\t\t<div class=\"elementor-widget-container\">\n\t\t\t\t\t\t\t\t\t\t\t\t\t\t\t<img loading=\"lazy\" decoding=\"async\" width=\"954\" height=\"1024\" src=\"https:\/\/authormaximocastellanos.com\/wp-content\/uploads\/2025\/06\/IMG_5592-scaled-e1750720636341-954x1024.jpeg\" class=\"attachment-large size-large wp-image-1107\" alt=\"\" srcset=\"https:\/\/authormaximocastellanos.com\/wp-content\/uploads\/2025\/06\/IMG_5592-scaled-e1750720636341-954x1024.jpeg 954w, https:\/\/authormaximocastellanos.com\/wp-content\/uploads\/2025\/06\/IMG_5592-scaled-e1750720636341-279x300.jpeg 279w, https:\/\/authormaximocastellanos.com\/wp-content\/uploads\/2025\/06\/IMG_5592-scaled-e1750720636341-768x825.jpeg 768w, https:\/\/authormaximocastellanos.com\/wp-content\/uploads\/2025\/06\/IMG_5592-scaled-e1750720636341-1431x1536.jpeg 1431w, https:\/\/authormaximocastellanos.com\/wp-content\/uploads\/2025\/06\/IMG_5592-scaled-e1750720636341.jpeg 1440w\" sizes=\"(max-width: 954px) 100vw, 954px\" \/>\t\t\t\t\t\t\t\t\t\t\t\t\t\t\t<\/div>\n\t\t\t\t<\/div>\n\t\t\t\t<\/div>\n\t\t\t\t\t<\/div>\n\t\t\t\t<\/div>\n\t\t\t\t<\/div>","protected":false},"excerpt":{"rendered":"<p>About the Author M\u00e1ximo C\u00e9sar Castellanos is a 17-year-old bilingual author and illustrator of 24 books in Spanish and English. From an early age, M\u00e1ximo demonstrated the ability and talent to create stories. At the age of 3, M\u00e1ximo began to create stories through drawings. His first visits to the library with his parents and [&hellip;]<\/p>\n","protected":false},"author":1,"featured_media":1354,"parent":0,"menu_order":0,"comment_status":"closed","ping_status":"closed","template":"","meta":{"site-sidebar-layout":"no-sidebar","site-content-layout":"page-builder","ast-site-content-layout":"full-width-container","site-content-style":"unboxed","site-sidebar-style":"unboxed","ast-global-header-display":"","ast-banner-title-visibility":"","ast-main-header-display":"","ast-hfb-above-header-display":"","ast-hfb-below-header-display":"","ast-hfb-mobile-header-display":"","site-post-title":"disabled","ast-breadcrumbs-content":"","ast-featured-img":"disabled","footer-sml-layout":"","ast-disable-related-posts":"","theme-transparent-header-meta":"enabled","adv-header-id-meta":"","stick-header-meta":"","header-above-stick-meta":"","header-main-stick-meta":"","header-below-stick-meta":"","astra-migrate-meta-layouts":"set","ast-page-background-enabled":"default","ast-page-background-meta":{"desktop":{"background-color":"","background-image":"","background-repeat":"repeat","background-position":"center center","background-size":"auto","background-attachment":"scroll","background-type":"","background-media":"","overlay-type":"","overlay-color":"","overlay-opacity":"","overlay-gradient":""},"tablet":{"background-color":"","background-image":"","background-repeat":"repeat","background-position":"center center","background-size":"auto","background-attachment":"scroll","background-type":"","background-media":"","overlay-type":"","overlay-color":"","overlay-opacity":"","overlay-gradient":""},"mobile":{"background-color":"","background-image":"","background-repeat":"repeat","background-position":"center center","background-size":"auto","background-attachment":"scroll","background-type":"","background-media":"","overlay-type":"","overlay-color":"","overlay-opacity":"","overlay-gradient":""}},"ast-content-background-meta":{"desktop":{"background-color":"var(--ast-global-color-5)","background-image":"","background-repeat":"repeat","background-position":"center center","background-size":"auto","background-attachment":"scroll","background-type":"","background-media":"","overlay-type":"","overlay-color":"","overlay-opacity":"","overlay-gradient":""},"tablet":{"background-color":"var(--ast-global-color-5)","background-image":"","background-repeat":"repeat","background-position":"center center","background-size":"auto","background-attachment":"scroll","background-type":"","background-media":"","overlay-type":"","overlay-color":"","overlay-opacity":"","overlay-gradient":""},"mobile":{"background-color":"var(--ast-global-color-5)","background-image":"","background-repeat":"repeat","background-position":"center center","background-size":"auto","background-attachment":"scroll","background-type":"","background-media":"","overlay-type":"","overlay-color":"","overlay-opacity":"","overlay-gradient":""}},"footnotes":""},"class_list":["post-581","page","type-page","status-publish","has-post-thumbnail","hentry"],"_links":{"self":[{"href":"https:\/\/authormaximocastellanos.com\/es\/wp-json\/wp\/v2\/pages\/581","targetHints":{"allow":["GET"]}}],"collection":[{"href":"https:\/\/authormaximocastellanos.com\/es\/wp-json\/wp\/v2\/pages"}],"about":[{"href":"https:\/\/authormaximocastellanos.com\/es\/wp-json\/wp\/v2\/types\/page"}],"author":[{"embeddable":true,"href":"https:\/\/authormaximocastellanos.com\/es\/wp-json\/wp\/v2\/users\/1"}],"replies":[{"embeddable":true,"href":"https:\/\/authormaximocastellanos.com\/es\/wp-json\/wp\/v2\/comments?post=581"}],"version-history":[{"count":61,"href":"https:\/\/authormaximocastellanos.com\/es\/wp-json\/wp\/v2\/pages\/581\/revisions"}],"predecessor-version":[{"id":1527,"href":"https:\/\/authormaximocastellanos.com\/es\/wp-json\/wp\/v2\/pages\/581\/revisions\/1527"}],"wp:featuredmedia":[{"embeddable":true,"href":"https:\/\/authormaximocastellanos.com\/es\/wp-json\/wp\/v2\/media\/1354"}],"wp:attachment":[{"href":"https:\/\/authormaximocastellanos.com\/es\/wp-json\/wp\/v2\/media?parent=581"}],"curies":[{"name":"wp","href":"https:\/\/api.w.org\/{rel}","templated":true}]}}